{"id":11,"date":"2024-10-03T17:00:17","date_gmt":"2024-10-03T15:00:17","guid":{"rendered":"https:\/\/dynareo.cluster027.hosting.ovh.net\/?page_id=11"},"modified":"2025-04-09T19:34:55","modified_gmt":"2025-04-09T17:34:55","slug":"dynarelax-strong","status":"publish","type":"page","link":"https:\/\/dynarelax.lu\/?page_id=11","title":{"rendered":"Dynarelax STRONG"},"content":{"rendered":"\t\t<div data-elementor-type=\"wp-post\" data-elementor-id=\"11\" class=\"elementor elementor-11\">\n\t\t\t\t<div class=\"elementor-element elementor-element-7f6f095 e-flex e-con-boxed e-con e-parent\" data-id=\"7f6f095\" data-element_type=\"container\">\n\t\t\t\t\t<div class=\"e-con-inner\">\n\t\t\t\t<div class=\"elementor-element elementor-element-35dfa06 elementor-widget elementor-widget-image\" data-id=\"35dfa06\" data-element_type=\"widget\" data-widget_type=\"image.default\">\n\t\t\t\t<div class=\"elementor-widget-container\">\n\t\t\t\t\t\t\t\t\t\t\t\t\t\t\t<img fetchpriority=\"high\" decoding=\"async\" width=\"1024\" height=\"768\" src=\"https:\/\/dynarelax.lu\/wp-content\/uploads\/2025\/04\/image-6-1024x768.png\" class=\"attachment-large size-large wp-image-263\" alt=\"\" srcset=\"https:\/\/dynarelax.lu\/wp-content\/uploads\/2025\/04\/image-6-1024x768.png 1024w, https:\/\/dynarelax.lu\/wp-content\/uploads\/2025\/04\/image-6-300x225.png 300w, https:\/\/dynarelax.lu\/wp-content\/uploads\/2025\/04\/image-6-768x576.png 768w, https:\/\/dynarelax.lu\/wp-content\/uploads\/2025\/04\/image-6-1536x1152.png 1536w, https:\/\/dynarelax.lu\/wp-content\/uploads\/2025\/04\/image-6-2048x1536.png 2048w, https:\/\/dynarelax.lu\/wp-content\/uploads\/2025\/04\/image-6-600x450.png 600w, https:\/\/dynarelax.lu\/wp-content\/uploads\/2025\/04\/image-6-64x48.png 64w\" sizes=\"(max-width: 1024px) 100vw, 1024px\" \/>\t\t\t\t\t\t\t\t\t\t\t\t\t\t\t<\/div>\n\t\t\t\t<\/div>\n\t\t\t\t\t<\/div>\n\t\t\t\t<\/div>\n\t\t<div class=\"elementor-element elementor-element-ffd34ef e-grid e-con-full e-transform e-con e-parent\" data-id=\"ffd34ef\" data-element_type=\"container\" data-settings=\"{&quot;_transform_translateX_effect&quot;:{&quot;unit&quot;:&quot;px&quot;,&quot;size&quot;:0,&quot;sizes&quot;:[]},&quot;_transform_translateY_effect&quot;:{&quot;unit&quot;:&quot;px&quot;,&quot;size&quot;:37,&quot;sizes&quot;:[]},&quot;_transform_translateX_effect_tablet&quot;:{&quot;unit&quot;:&quot;px&quot;,&quot;size&quot;:&quot;&quot;,&quot;sizes&quot;:[]},&quot;_transform_translateX_effect_mobile&quot;:{&quot;unit&quot;:&quot;px&quot;,&quot;size&quot;:&quot;&quot;,&quot;sizes&quot;:[]},&quot;_transform_translateY_effect_tablet&quot;:{&quot;unit&quot;:&quot;px&quot;,&quot;size&quot;:&quot;&quot;,&quot;sizes&quot;:[]},&quot;_transform_translateY_effect_mobile&quot;:{&quot;unit&quot;:&quot;px&quot;,&quot;size&quot;:&quot;&quot;,&quot;sizes&quot;:[]}}\">\n\t\t\t\t<div class=\"elementor-element elementor-element-8b141c0 elementor-widget elementor-widget-text-editor\" data-id=\"8b141c0\" data-element_type=\"widget\" data-widget_type=\"text-editor.default\">\n\t\t\t\t<div class=\"elementor-widget-container\">\n\t\t\t\t\t\t\t\t\t<p style=\"text-align: center;\"><span style=\"color: #000000;\"><strong><a class=\"row-title\" style=\"color: #000000;\" href=\"https:\/\/dynarelax.lu\/?page_id=85\" aria-label=\"\u00ab\u00a0L\u2019 Arnica\u00a0\u00bb (Modifier)\" data-wplink-edit=\"true\">L\u2019 Arnica<\/a>\u00a0<\/strong><\/span><\/p>\t\t\t\t\t\t\t\t<\/div>\n\t\t\t\t<\/div>\n\t\t\t\t<div class=\"elementor-element elementor-element-6011362 elementor-widget elementor-widget-text-editor\" data-id=\"6011362\" data-element_type=\"widget\" data-widget_type=\"text-editor.default\">\n\t\t\t\t<div class=\"elementor-widget-container\">\n\t\t\t\t\t\t\t\t\t<p class=\"mb-2\" style=\"text-align: center;\"><a href=\"https:\/\/dynarelax.lu\/?page_id=181\"><span style=\"color: #000000;\"><strong>calendula<\/strong> <\/span><\/a><\/p>\t\t\t\t\t\t\t\t<\/div>\n\t\t\t\t<\/div>\n\t\t\t\t<div class=\"elementor-element elementor-element-1bec9de elementor-widget elementor-widget-text-editor\" data-id=\"1bec9de\" data-element_type=\"widget\" data-widget_type=\"text-editor.default\">\n\t\t\t\t<div class=\"elementor-widget-container\">\n\t\t\t\t\t\t\t\t\t<p style=\"text-align: center;\"><a href=\"https:\/\/dynarelax.lu\/?page_id=97\"><span style=\"color: #000000;\"><b>Aloe Vera<\/b><\/span><\/a><\/p>\t\t\t\t\t\t\t\t<\/div>\n\t\t\t\t<\/div>\n\t\t\t\t<div class=\"elementor-element elementor-element-d482d55 elementor-widget elementor-widget-text-editor\" data-id=\"d482d55\" data-element_type=\"widget\" data-widget_type=\"text-editor.default\">\n\t\t\t\t<div class=\"elementor-widget-container\">\n\t\t\t\t\t\t\t\t\t<p style=\"text-align: center;\"><a href=\"https:\/\/dynarelax.lu\/?page_id=103\"><span style=\"color: #000000;\"><b>Menthe Poivr\u00e9e<\/b><\/span><\/a><\/p>\t\t\t\t\t\t\t\t<\/div>\n\t\t\t\t<\/div>\n\t\t\t\t<div class=\"elementor-element elementor-element-39967be elementor-widget elementor-widget-text-editor\" data-id=\"39967be\" data-element_type=\"widget\" data-widget_type=\"text-editor.default\">\n\t\t\t\t<div class=\"elementor-widget-container\">\n\t\t\t\t\t\t\t\t\t<p style=\"text-align: center;\"><a href=\"https:\/\/dynarelax.lu\/?page_id=109\"><span style=\"color: #000000;\"><b>Griffe du Diable<\/b><\/span><\/a><\/p>\t\t\t\t\t\t\t\t<\/div>\n\t\t\t\t<\/div>\n\t\t\t\t<div class=\"elementor-element elementor-element-7790cd3 elementor-widget elementor-widget-text-editor\" data-id=\"7790cd3\" data-element_type=\"widget\" data-widget_type=\"text-editor.default\">\n\t\t\t\t<div class=\"elementor-widget-container\">\n\t\t\t\t\t\t\t\t\t<p style=\"text-align: center;\"><a href=\"https:\/\/dynarelax.lu\/?page_id=115\"><span style=\"color: #000000;\"><b>Millepertuis<\/b><\/span><\/a><\/p>\t\t\t\t\t\t\t\t<\/div>\n\t\t\t\t<\/div>\n\t\t\t\t<\/div>\n\t\t<div class=\"elementor-element elementor-element-31cd003 e-grid e-con-full e-con e-parent\" data-id=\"31cd003\" data-element_type=\"container\">\n\t\t\t\t<div class=\"elementor-element elementor-element-9bb5e9e elementor-widget elementor-widget-image\" data-id=\"9bb5e9e\" data-element_type=\"widget\" data-widget_type=\"image.default\">\n\t\t\t\t<div class=\"elementor-widget-container\">\n\t\t\t\t\t\t\t\t\t\t\t\t\t\t\t\t<a href=\"https:\/\/dynarelax.lu\/?page_id=85\">\n\t\t\t\t\t\t\t<img decoding=\"async\" width=\"360\" height=\"240\" src=\"https:\/\/dynarelax.lu\/wp-content\/uploads\/2024\/10\/Chamisso_Arnica_-_Arnica_chamissonis_-_panoramio.jpg\" class=\"attachment-large size-large wp-image-87\" alt=\"\" srcset=\"https:\/\/dynarelax.lu\/wp-content\/uploads\/2024\/10\/Chamisso_Arnica_-_Arnica_chamissonis_-_panoramio.jpg 360w, https:\/\/dynarelax.lu\/wp-content\/uploads\/2024\/10\/Chamisso_Arnica_-_Arnica_chamissonis_-_panoramio-300x200.jpg 300w\" sizes=\"(max-width: 360px) 100vw, 360px\" \/>\t\t\t\t\t\t\t\t<\/a>\n\t\t\t\t\t\t\t\t\t\t\t\t\t\t\t<\/div>\n\t\t\t\t<\/div>\n\t\t\t\t<div class=\"elementor-element elementor-element-fd53b6a elementor-widget elementor-widget-image\" data-id=\"fd53b6a\" data-element_type=\"widget\" data-widget_type=\"image.default\">\n\t\t\t\t<div class=\"elementor-widget-container\">\n\t\t\t\t\t\t\t\t\t\t\t\t\t\t\t\t<a href=\"https:\/\/dynarelax.lu\/?page_id=181\">\n\t\t\t\t\t\t\t<img decoding=\"async\" width=\"1024\" height=\"683\" src=\"https:\/\/dynarelax.lu\/wp-content\/uploads\/2024\/10\/calendula-creme-cosmetique-belgique-carescence-1024x683-1.jpg\" class=\"attachment-large size-large wp-image-184\" alt=\"\" srcset=\"https:\/\/dynarelax.lu\/wp-content\/uploads\/2024\/10\/calendula-creme-cosmetique-belgique-carescence-1024x683-1.jpg 1024w, https:\/\/dynarelax.lu\/wp-content\/uploads\/2024\/10\/calendula-creme-cosmetique-belgique-carescence-1024x683-1-300x200.jpg 300w, https:\/\/dynarelax.lu\/wp-content\/uploads\/2024\/10\/calendula-creme-cosmetique-belgique-carescence-1024x683-1-768x512.jpg 768w\" sizes=\"(max-width: 1024px) 100vw, 1024px\" \/>\t\t\t\t\t\t\t\t<\/a>\n\t\t\t\t\t\t\t\t\t\t\t\t\t\t\t<\/div>\n\t\t\t\t<\/div>\n\t\t\t\t<div class=\"elementor-element elementor-element-6ec9b41 elementor-widget elementor-widget-image\" data-id=\"6ec9b41\" data-element_type=\"widget\" data-widget_type=\"image.default\">\n\t\t\t\t<div class=\"elementor-widget-container\">\n\t\t\t\t\t\t\t\t\t\t\t\t\t\t\t\t<a href=\"https:\/\/dynarelax.lu\/?page_id=97\">\n\t\t\t\t\t\t\t<img loading=\"lazy\" decoding=\"async\" width=\"300\" height=\"300\" src=\"https:\/\/dynarelax.lu\/wp-content\/uploads\/2024\/10\/aloe-vera-300-2.jpg\" class=\"attachment-large size-large wp-image-99\" alt=\"\" srcset=\"https:\/\/dynarelax.lu\/wp-content\/uploads\/2024\/10\/aloe-vera-300-2.jpg 300w, https:\/\/dynarelax.lu\/wp-content\/uploads\/2024\/10\/aloe-vera-300-2-150x150.jpg 150w\" sizes=\"(max-width: 300px) 100vw, 300px\" \/>\t\t\t\t\t\t\t\t<\/a>\n\t\t\t\t\t\t\t\t\t\t\t\t\t\t\t<\/div>\n\t\t\t\t<\/div>\n\t\t\t\t<div class=\"elementor-element elementor-element-4d8135b elementor-widget elementor-widget-image\" data-id=\"4d8135b\" data-element_type=\"widget\" data-widget_type=\"image.default\">\n\t\t\t\t<div class=\"elementor-widget-container\">\n\t\t\t\t\t\t\t\t\t\t\t\t\t\t\t\t<a href=\"https:\/\/dynarelax.lu\/?page_id=103\">\n\t\t\t\t\t\t\t<img loading=\"lazy\" decoding=\"async\" width=\"725\" height=\"725\" src=\"https:\/\/dynarelax.lu\/wp-content\/uploads\/2024\/10\/menthe-poivree.jpeg\" class=\"attachment-large size-large wp-image-105\" alt=\"\" srcset=\"https:\/\/dynarelax.lu\/wp-content\/uploads\/2024\/10\/menthe-poivree.jpeg 725w, https:\/\/dynarelax.lu\/wp-content\/uploads\/2024\/10\/menthe-poivree-300x300.jpeg 300w, https:\/\/dynarelax.lu\/wp-content\/uploads\/2024\/10\/menthe-poivree-150x150.jpeg 150w\" sizes=\"(max-width: 725px) 100vw, 725px\" \/>\t\t\t\t\t\t\t\t<\/a>\n\t\t\t\t\t\t\t\t\t\t\t\t\t\t\t<\/div>\n\t\t\t\t<\/div>\n\t\t\t\t<div class=\"elementor-element elementor-element-799716b elementor-widget elementor-widget-image\" data-id=\"799716b\" data-element_type=\"widget\" data-widget_type=\"image.default\">\n\t\t\t\t<div class=\"elementor-widget-container\">\n\t\t\t\t\t\t\t\t\t\t\t\t\t\t\t\t<a href=\"https:\/\/dynarelax.lu\/?page_id=109\">\n\t\t\t\t\t\t\t<img loading=\"lazy\" decoding=\"async\" width=\"1024\" height=\"576\" src=\"https:\/\/dynarelax.lu\/wp-content\/uploads\/2024\/10\/i104235-griffe-diable-ps-1024x576.webp\" class=\"attachment-large size-large wp-image-111\" alt=\"\" srcset=\"https:\/\/dynarelax.lu\/wp-content\/uploads\/2024\/10\/i104235-griffe-diable-ps-1024x576.webp 1024w, https:\/\/dynarelax.lu\/wp-content\/uploads\/2024\/10\/i104235-griffe-diable-ps-300x169.webp 300w, https:\/\/dynarelax.lu\/wp-content\/uploads\/2024\/10\/i104235-griffe-diable-ps-768x432.webp 768w, https:\/\/dynarelax.lu\/wp-content\/uploads\/2024\/10\/i104235-griffe-diable-ps.webp 1200w\" sizes=\"(max-width: 1024px) 100vw, 1024px\" \/>\t\t\t\t\t\t\t\t<\/a>\n\t\t\t\t\t\t\t\t\t\t\t\t\t\t\t<\/div>\n\t\t\t\t<\/div>\n\t\t\t\t<div class=\"elementor-element elementor-element-7209a48 elementor-widget elementor-widget-image\" data-id=\"7209a48\" data-element_type=\"widget\" data-widget_type=\"image.default\">\n\t\t\t\t<div class=\"elementor-widget-container\">\n\t\t\t\t\t\t\t\t\t\t\t\t\t\t\t\t<a href=\"https:\/\/dynarelax.lu\/?page_id=115\">\n\t\t\t\t\t\t\t<img loading=\"lazy\" decoding=\"async\" width=\"1024\" height=\"576\" src=\"https:\/\/dynarelax.lu\/wp-content\/uploads\/2024\/10\/i104287-millepertuis-ps-1024x576.webp\" class=\"attachment-large size-large wp-image-117\" alt=\"\" srcset=\"https:\/\/dynarelax.lu\/wp-content\/uploads\/2024\/10\/i104287-millepertuis-ps-1024x576.webp 1024w, https:\/\/dynarelax.lu\/wp-content\/uploads\/2024\/10\/i104287-millepertuis-ps-300x169.webp 300w, https:\/\/dynarelax.lu\/wp-content\/uploads\/2024\/10\/i104287-millepertuis-ps-768x432.webp 768w, https:\/\/dynarelax.lu\/wp-content\/uploads\/2024\/10\/i104287-millepertuis-ps.webp 1200w\" sizes=\"(max-width: 1024px) 100vw, 1024px\" \/>\t\t\t\t\t\t\t\t<\/a>\n\t\t\t\t\t\t\t\t\t\t\t\t\t\t\t<\/div>\n\t\t\t\t<\/div>\n\t\t\t\t<\/div>\n\t\t<div class=\"elementor-element elementor-element-f446690 e-flex e-con-boxed e-con e-parent\" data-id=\"f446690\" data-element_type=\"container\">\n\t\t\t\t\t<div class=\"e-con-inner\">\n\t\t\t\t<div class=\"elementor-element elementor-element-7ed0390 elementor-widget elementor-widget-text-editor\" data-id=\"7ed0390\" data-element_type=\"widget\" data-widget_type=\"text-editor.default\">\n\t\t\t\t<div class=\"elementor-widget-container\">\n\t\t\t\t\t\t\t\t\t<h3 style=\"text-align: center;\"><span style=\"color: #d4076e;\"><strong>Dynarelax Strong repr\u00e9sente notre cr\u00eame de massage polyvalente con\u00e7ue pour r\u00e9pondre aux besoins de l&#8217;ensemble de la famille. Elle convient \u00e0 tous les types<\/strong><\/span><br \/><span style=\"color: #d4076e;\"><strong>de peau en offrant une hydratation en profondeur et une nutrition efficace l\u00e0 o\u00f9 elle est appliqu\u00e9e, procurant une agr\u00e9able sensation de fra\u00eecheur.<\/strong><\/span><br \/><span style=\"color: #d4076e;\"><strong>Son efficacit\u00e9 est maximis\u00e9e lorsqu&#8217;elle est employ\u00e9e dans un contexte sportif, avant, pendant et apres l&#8217;exercice, afin d&#8217;am\u00e9liorer les performances et favoriser une r\u00e9cup\u00e9ration plus rapide.<\/strong><\/span><\/h3><h4 style=\"text-align: center;\"><span style=\"color: #d4076e;\">&#8211; Renforc\u00e9 par l&#8217;ajout de contella asiatique et de rose musqu\u00e9e<\/span><br \/><span style=\"color: #d4076e;\">&#8211; Employ\u00e9e durant les phases de r\u00e9habilitation<\/span><br \/><span style=\"color: #d4076e;\">&#8211; Utilis\u00e9e pendant les moments d&#8217;immobilisation<\/span><br \/><span style=\"color: #d4076e;\">&#8211; Appliqu\u00e9e avant, pendant et apr\u00e8s l&#8217;exercice physique<\/span><\/h4><p style=\"text-align: center;\">\u00a0<\/p>\t\t\t\t\t\t\t\t<\/div>\n\t\t\t\t<\/div>\n\t\t\t\t\t<\/div>\n\t\t\t\t<\/div>\n\t\t<div class=\"elementor-element elementor-element-59d31fc e-flex e-con-boxed e-con e-parent\" data-id=\"59d31fc\" data-element_type=\"container\">\n\t\t\t\t\t<div class=\"e-con-inner\">\n\t\t\t\t<div class=\"elementor-element elementor-element-9aff394 elementor-button-info elementor-align-center elementor-widget elementor-widget-button\" data-id=\"9aff394\" data-element_type=\"widget\" data-widget_type=\"button.default\">\n\t\t\t\t<div class=\"elementor-widget-container\">\n\t\t\t\t\t\t\t\t\t<div class=\"elementor-button-wrapper\">\n\t\t\t\t\t<a class=\"elementor-button elementor-button-link elementor-size-sm\" href=\"https:\/\/dynamedix.lu\/elementor-495\/\">\n\t\t\t\t\t\t<span class=\"elementor-button-content-wrapper\">\n\t\t\t\t\t\t\t\t\t<span class=\"elementor-button-text\">Vers la Boutique<\/span>\n\t\t\t\t\t<\/span>\n\t\t\t\t\t<\/a>\n\t\t\t\t<\/div>\n\t\t\t\t\t\t\t\t<\/div>\n\t\t\t\t<\/div>\n\t\t\t\t\t<\/div>\n\t\t\t\t<\/div>\n\t\t\t\t<\/div>\n\t\t","protected":false},"excerpt":{"rendered":"<p>L\u2019 Arnica\u00a0 calendula Aloe Vera Menthe Poivr\u00e9e Griffe du Diable Millepertuis Dynarelax Strong repr\u00e9sente notre cr\u00eame de massage polyvalente con\u00e7ue pour r\u00e9pondre aux besoins de l&#8217;ensemble de la famille. Elle convient \u00e0 tous les typesde peau en offrant une hydratation en profondeur et une nutrition efficace l\u00e0 o\u00f9 elle est appliqu\u00e9e, procurant une agr\u00e9able sensation [&hellip;]<\/p>\n","protected":false},"author":1,"featured_media":0,"parent":0,"menu_order":0,"comment_status":"closed","ping_status":"closed","template":"","meta":{"_themeisle_gutenberg_block_has_review":false,"footnotes":""},"class_list":["post-11","page","type-page","status-publish","hentry"],"jetpack_sharing_enabled":true,"_links":{"self":[{"href":"https:\/\/dynarelax.lu\/index.php?rest_route=\/wp\/v2\/pages\/11","targetHints":{"allow":["GET"]}}],"collection":[{"href":"https:\/\/dynarelax.lu\/index.php?rest_route=\/wp\/v2\/pages"}],"about":[{"href":"https:\/\/dynarelax.lu\/index.php?rest_route=\/wp\/v2\/types\/page"}],"author":[{"embeddable":true,"href":"https:\/\/dynarelax.lu\/index.php?rest_route=\/wp\/v2\/users\/1"}],"replies":[{"embeddable":true,"href":"https:\/\/dynarelax.lu\/index.php?rest_route=%2Fwp%2Fv2%2Fcomments&post=11"}],"version-history":[{"count":13,"href":"https:\/\/dynarelax.lu\/index.php?rest_route=\/wp\/v2\/pages\/11\/revisions"}],"predecessor-version":[{"id":266,"href":"https:\/\/dynarelax.lu\/index.php?rest_route=\/wp\/v2\/pages\/11\/revisions\/266"}],"wp:attachment":[{"href":"https:\/\/dynarelax.lu\/index.php?rest_route=%2Fwp%2Fv2%2Fmedia&parent=11"}],"curies":[{"name":"wp","href":"https:\/\/api.w.org\/{rel}","templated":true}]}}