{"id":24,"date":"2024-10-03T17:52:53","date_gmt":"2024-10-03T15:52:53","guid":{"rendered":"https:\/\/dynareo.cluster027.hosting.ovh.net\/?page_id=24"},"modified":"2025-04-09T19:32:19","modified_gmt":"2025-04-09T17:32:19","slug":"dynarelax-deep-freze","status":"publish","type":"page","link":"https:\/\/dynarelax.lu\/?page_id=24","title":{"rendered":"Dynarelax DEEP FREEZE"},"content":{"rendered":"\t\t<div data-elementor-type=\"wp-page\" data-elementor-id=\"24\" class=\"elementor elementor-24\">\n\t\t\t\t<div class=\"elementor-element elementor-element-929583d e-flex e-con-boxed e-con e-parent\" data-id=\"929583d\" data-element_type=\"container\">\n\t\t\t\t\t<div class=\"e-con-inner\">\n\t\t\t\t<div class=\"elementor-element elementor-element-9f7a2c9 elementor-widget elementor-widget-image\" data-id=\"9f7a2c9\" data-element_type=\"widget\" data-widget_type=\"image.default\">\n\t\t\t\t<div class=\"elementor-widget-container\">\n\t\t\t\t\t\t\t\t\t\t\t\t\t\t\t<img fetchpriority=\"high\" decoding=\"async\" width=\"1024\" height=\"768\" src=\"https:\/\/dynarelax.lu\/wp-content\/uploads\/2025\/04\/image-2-1024x768.png\" class=\"attachment-large size-large wp-image-255\" alt=\"\" srcset=\"https:\/\/dynarelax.lu\/wp-content\/uploads\/2025\/04\/image-2-1024x768.png 1024w, https:\/\/dynarelax.lu\/wp-content\/uploads\/2025\/04\/image-2-300x225.png 300w, https:\/\/dynarelax.lu\/wp-content\/uploads\/2025\/04\/image-2-768x576.png 768w, https:\/\/dynarelax.lu\/wp-content\/uploads\/2025\/04\/image-2-1536x1152.png 1536w, https:\/\/dynarelax.lu\/wp-content\/uploads\/2025\/04\/image-2-2048x1536.png 2048w, https:\/\/dynarelax.lu\/wp-content\/uploads\/2025\/04\/image-2-600x450.png 600w, https:\/\/dynarelax.lu\/wp-content\/uploads\/2025\/04\/image-2-64x48.png 64w\" sizes=\"(max-width: 1024px) 100vw, 1024px\" \/>\t\t\t\t\t\t\t\t\t\t\t\t\t\t\t<\/div>\n\t\t\t\t<\/div>\n\t\t\t\t\t<\/div>\n\t\t\t\t<\/div>\n\t\t<div class=\"elementor-element elementor-element-6bbe15c e-grid e-con-full e-transform e-con e-parent\" data-id=\"6bbe15c\" data-element_type=\"container\" data-settings=\"{&quot;_transform_translateX_effect&quot;:{&quot;unit&quot;:&quot;px&quot;,&quot;size&quot;:0,&quot;sizes&quot;:[]},&quot;_transform_translateY_effect&quot;:{&quot;unit&quot;:&quot;px&quot;,&quot;size&quot;:37,&quot;sizes&quot;:[]},&quot;_transform_translateX_effect_tablet&quot;:{&quot;unit&quot;:&quot;px&quot;,&quot;size&quot;:&quot;&quot;,&quot;sizes&quot;:[]},&quot;_transform_translateX_effect_mobile&quot;:{&quot;unit&quot;:&quot;px&quot;,&quot;size&quot;:&quot;&quot;,&quot;sizes&quot;:[]},&quot;_transform_translateY_effect_tablet&quot;:{&quot;unit&quot;:&quot;px&quot;,&quot;size&quot;:&quot;&quot;,&quot;sizes&quot;:[]},&quot;_transform_translateY_effect_mobile&quot;:{&quot;unit&quot;:&quot;px&quot;,&quot;size&quot;:&quot;&quot;,&quot;sizes&quot;:[]}}\">\n\t\t\t\t<div class=\"elementor-element elementor-element-286effb elementor-widget elementor-widget-text-editor\" data-id=\"286effb\" data-element_type=\"widget\" data-widget_type=\"text-editor.default\">\n\t\t\t\t<div class=\"elementor-widget-container\">\n\t\t\t\t\t\t\t\t\t<p style=\"text-align: center;\"><span style=\"color: #000000;\"><strong><a class=\"row-title\" style=\"color: #000000;\" href=\"https:\/\/dynarelax.lu\/?page_id=85\" aria-label=\"\u00ab\u00a0L\u2019 Arnica\u00a0\u00bb (Modifier)\">L\u2019 Arnica<\/a>\u00a0<\/strong><\/span><\/p>\t\t\t\t\t\t\t\t<\/div>\n\t\t\t\t<\/div>\n\t\t\t\t<div class=\"elementor-element elementor-element-6bebca7 elementor-widget elementor-widget-text-editor\" data-id=\"6bebca7\" data-element_type=\"widget\" data-widget_type=\"text-editor.default\">\n\t\t\t\t<div class=\"elementor-widget-container\">\n\t\t\t\t\t\t\t\t\t<p style=\"text-align: center;\"><a href=\"https:\/\/dynarelax.lu\/?page_id=91\"><span style=\"color: #000000;\"><b>Camphre<\/b><\/span><\/a><\/p>\t\t\t\t\t\t\t\t<\/div>\n\t\t\t\t<\/div>\n\t\t\t\t<div class=\"elementor-element elementor-element-b85b2ae elementor-widget elementor-widget-text-editor\" data-id=\"b85b2ae\" data-element_type=\"widget\" data-widget_type=\"text-editor.default\">\n\t\t\t\t<div class=\"elementor-widget-container\">\n\t\t\t\t\t\t\t\t\t<p style=\"text-align: center;\"><a href=\"https:\/\/dynarelax.lu\/?page_id=97\"><span style=\"color: #000000;\"><b>Aloe Vera<\/b><\/span><\/a><\/p>\t\t\t\t\t\t\t\t<\/div>\n\t\t\t\t<\/div>\n\t\t\t\t<div class=\"elementor-element elementor-element-a42e22a elementor-widget elementor-widget-text-editor\" data-id=\"a42e22a\" data-element_type=\"widget\" data-widget_type=\"text-editor.default\">\n\t\t\t\t<div class=\"elementor-widget-container\">\n\t\t\t\t\t\t\t\t\t<p style=\"text-align: center;\"><a href=\"https:\/\/dynarelax.lu\/?page_id=103\"><span style=\"color: #000000;\"><b>Menthe Poivr\u00e9e<\/b><\/span><\/a><\/p>\t\t\t\t\t\t\t\t<\/div>\n\t\t\t\t<\/div>\n\t\t\t\t<div class=\"elementor-element elementor-element-9119e45 elementor-widget elementor-widget-text-editor\" data-id=\"9119e45\" data-element_type=\"widget\" data-widget_type=\"text-editor.default\">\n\t\t\t\t<div class=\"elementor-widget-container\">\n\t\t\t\t\t\t\t\t\t<p style=\"text-align: center;\"><a href=\"https:\/\/dynarelax.lu\/?page_id=109\"><span style=\"color: #000000;\"><b>Griffe du Diable<\/b><\/span><\/a><\/p>\t\t\t\t\t\t\t\t<\/div>\n\t\t\t\t<\/div>\n\t\t\t\t<div class=\"elementor-element elementor-element-8c3547d elementor-widget elementor-widget-text-editor\" data-id=\"8c3547d\" data-element_type=\"widget\" data-widget_type=\"text-editor.default\">\n\t\t\t\t<div class=\"elementor-widget-container\">\n\t\t\t\t\t\t\t\t\t<p style=\"text-align: center;\"><a href=\"https:\/\/dynarelax.lu\/?page_id=115\"><span style=\"color: #000000;\"><b>Millepertuis<\/b><\/span><\/a><\/p>\t\t\t\t\t\t\t\t<\/div>\n\t\t\t\t<\/div>\n\t\t\t\t<\/div>\n\t\t<div class=\"elementor-element elementor-element-0c16d34 e-grid e-con-full e-con e-parent\" data-id=\"0c16d34\" data-element_type=\"container\">\n\t\t\t\t<div class=\"elementor-element elementor-element-e0d18a6 elementor-widget elementor-widget-image\" data-id=\"e0d18a6\" data-element_type=\"widget\" data-widget_type=\"image.default\">\n\t\t\t\t<div class=\"elementor-widget-container\">\n\t\t\t\t\t\t\t\t\t\t\t\t\t\t\t\t<a href=\"https:\/\/dynarelax.lu\/?page_id=85\">\n\t\t\t\t\t\t\t<img decoding=\"async\" width=\"360\" height=\"240\" src=\"https:\/\/dynarelax.lu\/wp-content\/uploads\/2024\/10\/Chamisso_Arnica_-_Arnica_chamissonis_-_panoramio.jpg\" class=\"attachment-large size-large wp-image-87\" alt=\"\" srcset=\"https:\/\/dynarelax.lu\/wp-content\/uploads\/2024\/10\/Chamisso_Arnica_-_Arnica_chamissonis_-_panoramio.jpg 360w, https:\/\/dynarelax.lu\/wp-content\/uploads\/2024\/10\/Chamisso_Arnica_-_Arnica_chamissonis_-_panoramio-300x200.jpg 300w\" sizes=\"(max-width: 360px) 100vw, 360px\" \/>\t\t\t\t\t\t\t\t<\/a>\n\t\t\t\t\t\t\t\t\t\t\t\t\t\t\t<\/div>\n\t\t\t\t<\/div>\n\t\t\t\t<div class=\"elementor-element elementor-element-c34a592 elementor-widget elementor-widget-image\" data-id=\"c34a592\" data-element_type=\"widget\" data-widget_type=\"image.default\">\n\t\t\t\t<div class=\"elementor-widget-container\">\n\t\t\t\t\t\t\t\t\t\t\t\t\t\t\t\t<a href=\"https:\/\/dynarelax.lu\/?page_id=91\">\n\t\t\t\t\t\t\t<img decoding=\"async\" width=\"550\" height=\"330\" src=\"https:\/\/dynarelax.lu\/wp-content\/uploads\/2024\/10\/camphre-banner-1.jpg\" class=\"attachment-large size-large wp-image-93\" alt=\"\" srcset=\"https:\/\/dynarelax.lu\/wp-content\/uploads\/2024\/10\/camphre-banner-1.jpg 550w, https:\/\/dynarelax.lu\/wp-content\/uploads\/2024\/10\/camphre-banner-1-300x180.jpg 300w\" sizes=\"(max-width: 550px) 100vw, 550px\" \/>\t\t\t\t\t\t\t\t<\/a>\n\t\t\t\t\t\t\t\t\t\t\t\t\t\t\t<\/div>\n\t\t\t\t<\/div>\n\t\t\t\t<div class=\"elementor-element elementor-element-ca00e44 elementor-widget elementor-widget-image\" data-id=\"ca00e44\" data-element_type=\"widget\" data-widget_type=\"image.default\">\n\t\t\t\t<div class=\"elementor-widget-container\">\n\t\t\t\t\t\t\t\t\t\t\t\t\t\t\t\t<a href=\"https:\/\/dynarelax.lu\/?page_id=97\">\n\t\t\t\t\t\t\t<img loading=\"lazy\" decoding=\"async\" width=\"300\" height=\"300\" src=\"https:\/\/dynarelax.lu\/wp-content\/uploads\/2024\/10\/aloe-vera-300-2.jpg\" class=\"attachment-large size-large wp-image-99\" alt=\"\" srcset=\"https:\/\/dynarelax.lu\/wp-content\/uploads\/2024\/10\/aloe-vera-300-2.jpg 300w, https:\/\/dynarelax.lu\/wp-content\/uploads\/2024\/10\/aloe-vera-300-2-150x150.jpg 150w\" sizes=\"(max-width: 300px) 100vw, 300px\" \/>\t\t\t\t\t\t\t\t<\/a>\n\t\t\t\t\t\t\t\t\t\t\t\t\t\t\t<\/div>\n\t\t\t\t<\/div>\n\t\t\t\t<div class=\"elementor-element elementor-element-1e26531 elementor-widget elementor-widget-image\" data-id=\"1e26531\" data-element_type=\"widget\" data-widget_type=\"image.default\">\n\t\t\t\t<div class=\"elementor-widget-container\">\n\t\t\t\t\t\t\t\t\t\t\t\t\t\t\t\t<a href=\"https:\/\/dynarelax.lu\/?page_id=103\">\n\t\t\t\t\t\t\t<img loading=\"lazy\" decoding=\"async\" width=\"725\" height=\"725\" src=\"https:\/\/dynarelax.lu\/wp-content\/uploads\/2024\/10\/menthe-poivree.jpeg\" class=\"attachment-large size-large wp-image-105\" alt=\"\" srcset=\"https:\/\/dynarelax.lu\/wp-content\/uploads\/2024\/10\/menthe-poivree.jpeg 725w, https:\/\/dynarelax.lu\/wp-content\/uploads\/2024\/10\/menthe-poivree-300x300.jpeg 300w, https:\/\/dynarelax.lu\/wp-content\/uploads\/2024\/10\/menthe-poivree-150x150.jpeg 150w\" sizes=\"(max-width: 725px) 100vw, 725px\" \/>\t\t\t\t\t\t\t\t<\/a>\n\t\t\t\t\t\t\t\t\t\t\t\t\t\t\t<\/div>\n\t\t\t\t<\/div>\n\t\t\t\t<div class=\"elementor-element elementor-element-3e0b698 elementor-widget elementor-widget-image\" data-id=\"3e0b698\" data-element_type=\"widget\" data-widget_type=\"image.default\">\n\t\t\t\t<div class=\"elementor-widget-container\">\n\t\t\t\t\t\t\t\t\t\t\t\t\t\t\t\t<a href=\"https:\/\/dynarelax.lu\/?page_id=109\">\n\t\t\t\t\t\t\t<img loading=\"lazy\" decoding=\"async\" width=\"1024\" height=\"576\" src=\"https:\/\/dynarelax.lu\/wp-content\/uploads\/2024\/10\/i104235-griffe-diable-ps-1024x576.webp\" class=\"attachment-large size-large wp-image-111\" alt=\"\" srcset=\"https:\/\/dynarelax.lu\/wp-content\/uploads\/2024\/10\/i104235-griffe-diable-ps-1024x576.webp 1024w, https:\/\/dynarelax.lu\/wp-content\/uploads\/2024\/10\/i104235-griffe-diable-ps-300x169.webp 300w, https:\/\/dynarelax.lu\/wp-content\/uploads\/2024\/10\/i104235-griffe-diable-ps-768x432.webp 768w, https:\/\/dynarelax.lu\/wp-content\/uploads\/2024\/10\/i104235-griffe-diable-ps.webp 1200w\" sizes=\"(max-width: 1024px) 100vw, 1024px\" \/>\t\t\t\t\t\t\t\t<\/a>\n\t\t\t\t\t\t\t\t\t\t\t\t\t\t\t<\/div>\n\t\t\t\t<\/div>\n\t\t\t\t<div class=\"elementor-element elementor-element-bbdf594 elementor-widget elementor-widget-image\" data-id=\"bbdf594\" data-element_type=\"widget\" data-widget_type=\"image.default\">\n\t\t\t\t<div class=\"elementor-widget-container\">\n\t\t\t\t\t\t\t\t\t\t\t\t\t\t\t\t<a href=\"https:\/\/dynarelax.lu\/?page_id=115\">\n\t\t\t\t\t\t\t<img loading=\"lazy\" decoding=\"async\" width=\"1024\" height=\"576\" src=\"https:\/\/dynarelax.lu\/wp-content\/uploads\/2024\/10\/i104287-millepertuis-ps-1024x576.webp\" class=\"attachment-large size-large wp-image-117\" alt=\"\" srcset=\"https:\/\/dynarelax.lu\/wp-content\/uploads\/2024\/10\/i104287-millepertuis-ps-1024x576.webp 1024w, https:\/\/dynarelax.lu\/wp-content\/uploads\/2024\/10\/i104287-millepertuis-ps-300x169.webp 300w, https:\/\/dynarelax.lu\/wp-content\/uploads\/2024\/10\/i104287-millepertuis-ps-768x432.webp 768w, https:\/\/dynarelax.lu\/wp-content\/uploads\/2024\/10\/i104287-millepertuis-ps.webp 1200w\" sizes=\"(max-width: 1024px) 100vw, 1024px\" \/>\t\t\t\t\t\t\t\t<\/a>\n\t\t\t\t\t\t\t\t\t\t\t\t\t\t\t<\/div>\n\t\t\t\t<\/div>\n\t\t\t\t<\/div>\n\t\t<div class=\"elementor-element elementor-element-be28fc6 e-flex e-con-boxed e-con e-parent\" data-id=\"be28fc6\" data-element_type=\"container\">\n\t\t\t\t\t<div class=\"e-con-inner\">\n\t\t\t\t<div class=\"elementor-element elementor-element-a82f44f elementor-widget elementor-widget-text-editor\" data-id=\"a82f44f\" data-element_type=\"widget\" data-widget_type=\"text-editor.default\">\n\t\t\t\t<div class=\"elementor-widget-container\">\n\t\t\t\t\t\t\t\t\t<h3 style=\"text-align: center;\"><span style=\"color: #0000ff;\"><strong>Dynarelax Deep freeze repr\u00e9sente notre cr\u00e8me\u00a0<\/strong><\/span><span style=\"color: #0000ff;\"><strong>\u00e0 &#8220;Effet froid&#8221;. Son efficacit\u00e9 est optimis\u00e9e lorsqu&#8217;elle\u00a0<\/strong><\/span><span style=\"color: #0000ff;\"><strong>est employ\u00e9e dans un contexte sportif, en particulier\u00a0<\/strong><\/span><span style=\"color: #0000ff;\"><strong>apr\u00e8s une activit\u00e9 physique et dans le cadre de<\/strong><\/span><br \/><span style=\"color: #0000ff;\"><strong>th\u00e9rapies utilisant le froid. Elle est \u00e9galement b\u00e9n\u00e9fique\u00a0<\/strong><\/span><span style=\"color: #0000ff;\"><strong>pour stimuler la circulation sanguine p\u00e9riph\u00e9rique chez<\/strong><\/span><br \/><span style=\"color: #0000ff;\"><strong>les individus s\u00e9dentaires. Elle s&#8217;av\u00e8re efficace pour\u00a0<\/strong><\/span><span style=\"color: #0000ff;\"><strong>soulager les jambes fatigu\u00e9es et favoriser la r\u00e9cup\u00e9ration\u00a0<\/strong><\/span><span style=\"color: #0000ff;\"><strong>apr\u00e8s des exercices physiques..<\/strong><\/span><\/h3><h4 style=\"text-align: center;\"><span style=\"color: #0000ff;\"><strong>&#8211; Effet froid<\/strong><\/span><br \/><span style=\"color: #0000ff;\"><strong>&#8211; Employ\u00e9e durant les phases de r\u00e9habilitation<\/strong><\/span><br \/><span style=\"color: #0000ff;\"><strong>&#8211; Utilis\u00e9e pendant les moments d&#8217;immobilisation<\/strong><\/span><br \/><span style=\"color: #0000ff;\"><strong>&#8211; Appliqu\u00e9e avant, pendant et apr\u00e8s l&#8217;exercice physique<\/strong><\/span><\/h4>\t\t\t\t\t\t\t\t<\/div>\n\t\t\t\t<\/div>\n\t\t\t\t\t<\/div>\n\t\t\t\t<\/div>\n\t\t<div class=\"elementor-element elementor-element-3622519 e-flex e-con-boxed e-con e-parent\" data-id=\"3622519\" data-element_type=\"container\">\n\t\t\t\t\t<div class=\"e-con-inner\">\n\t\t\t\t<div class=\"elementor-element elementor-element-c1dd255 elementor-button-info elementor-align-center elementor-widget elementor-widget-button\" data-id=\"c1dd255\" data-element_type=\"widget\" data-widget_type=\"button.default\">\n\t\t\t\t<div class=\"elementor-widget-container\">\n\t\t\t\t\t\t\t\t\t<div class=\"elementor-button-wrapper\">\n\t\t\t\t\t<a class=\"elementor-button elementor-button-link elementor-size-sm\" href=\"https:\/\/dynamedix.lu\/elementor-495\/\">\n\t\t\t\t\t\t<span class=\"elementor-button-content-wrapper\">\n\t\t\t\t\t\t\t\t\t<span class=\"elementor-button-text\">Vers la Boutique<\/span>\n\t\t\t\t\t<\/span>\n\t\t\t\t\t<\/a>\n\t\t\t\t<\/div>\n\t\t\t\t\t\t\t\t<\/div>\n\t\t\t\t<\/div>\n\t\t\t\t\t<\/div>\n\t\t\t\t<\/div>\n\t\t\t\t<\/div>\n\t\t","protected":false},"excerpt":{"rendered":"<p>L\u2019 Arnica\u00a0 Camphre Aloe Vera Menthe Poivr\u00e9e Griffe du Diable Millepertuis Dynarelax Deep freeze repr\u00e9sente notre cr\u00e8me\u00a0\u00e0 &#8220;Effet froid&#8221;. Son efficacit\u00e9 est optimis\u00e9e lorsqu&#8217;elle\u00a0est employ\u00e9e dans un contexte sportif, en particulier\u00a0apr\u00e8s une activit\u00e9 physique et dans le cadre deth\u00e9rapies utilisant le froid. Elle est \u00e9galement b\u00e9n\u00e9fique\u00a0pour stimuler la circulation sanguine p\u00e9riph\u00e9rique chezles individus s\u00e9dentaires. Elle [&hellip;]<\/p>\n","protected":false},"author":1,"featured_media":0,"parent":0,"menu_order":0,"comment_status":"closed","ping_status":"closed","template":"","meta":{"_themeisle_gutenberg_block_has_review":false,"footnotes":""},"class_list":["post-24","page","type-page","status-publish","hentry"],"jetpack_sharing_enabled":true,"_links":{"self":[{"href":"https:\/\/dynarelax.lu\/index.php?rest_route=\/wp\/v2\/pages\/24","targetHints":{"allow":["GET"]}}],"collection":[{"href":"https:\/\/dynarelax.lu\/index.php?rest_route=\/wp\/v2\/pages"}],"about":[{"href":"https:\/\/dynarelax.lu\/index.php?rest_route=\/wp\/v2\/types\/page"}],"author":[{"embeddable":true,"href":"https:\/\/dynarelax.lu\/index.php?rest_route=\/wp\/v2\/users\/1"}],"replies":[{"embeddable":true,"href":"https:\/\/dynarelax.lu\/index.php?rest_route=%2Fwp%2Fv2%2Fcomments&post=24"}],"version-history":[{"count":32,"href":"https:\/\/dynarelax.lu\/index.php?rest_route=\/wp\/v2\/pages\/24\/revisions"}],"predecessor-version":[{"id":258,"href":"https:\/\/dynarelax.lu\/index.php?rest_route=\/wp\/v2\/pages\/24\/revisions\/258"}],"wp:attachment":[{"href":"https:\/\/dynarelax.lu\/index.php?rest_route=%2Fwp%2Fv2%2Fmedia&parent=24"}],"curies":[{"name":"wp","href":"https:\/\/api.w.org\/{rel}","templated":true}]}}