{"id":243,"date":"2025-04-09T19:23:53","date_gmt":"2025-04-09T17:23:53","guid":{"rendered":"https:\/\/dynarelax.lu\/?page_id=243"},"modified":"2025-04-09T19:25:58","modified_gmt":"2025-04-09T17:25:58","slug":"dynarelax-green-cream-cbd","status":"publish","type":"page","link":"https:\/\/dynarelax.lu\/?page_id=243","title":{"rendered":"Dynarelax GREEN CREAM CBD"},"content":{"rendered":"\t\t<div data-elementor-type=\"wp-page\" data-elementor-id=\"243\" class=\"elementor elementor-243\">\n\t\t\t\t<div class=\"elementor-element elementor-element-9bb8586 e-flex e-con-boxed e-con e-parent\" data-id=\"9bb8586\" data-element_type=\"container\">\n\t\t\t\t\t<div class=\"e-con-inner\">\n\t\t\t\t<div class=\"elementor-element elementor-element-58e79c5 elementor-widget elementor-widget-image\" data-id=\"58e79c5\" data-element_type=\"widget\" data-widget_type=\"image.default\">\n\t\t\t\t<div class=\"elementor-widget-container\">\n\t\t\t\t\t\t\t\t\t\t\t\t\t\t\t<img fetchpriority=\"high\" decoding=\"async\" width=\"1024\" height=\"768\" src=\"https:\/\/dynarelax.lu\/wp-content\/uploads\/2025\/04\/image-1024x768.png\" class=\"attachment-large size-large wp-image-245\" alt=\"\" srcset=\"https:\/\/dynarelax.lu\/wp-content\/uploads\/2025\/04\/image-1024x768.png 1024w, https:\/\/dynarelax.lu\/wp-content\/uploads\/2025\/04\/image-300x225.png 300w, https:\/\/dynarelax.lu\/wp-content\/uploads\/2025\/04\/image-768x576.png 768w, https:\/\/dynarelax.lu\/wp-content\/uploads\/2025\/04\/image-1536x1152.png 1536w, https:\/\/dynarelax.lu\/wp-content\/uploads\/2025\/04\/image-2048x1536.png 2048w, https:\/\/dynarelax.lu\/wp-content\/uploads\/2025\/04\/image-600x450.png 600w, https:\/\/dynarelax.lu\/wp-content\/uploads\/2025\/04\/image-64x48.png 64w\" sizes=\"(max-width: 1024px) 100vw, 1024px\" \/>\t\t\t\t\t\t\t\t\t\t\t\t\t\t\t<\/div>\n\t\t\t\t<\/div>\n\t\t\t\t\t<\/div>\n\t\t\t\t<\/div>\n\t\t<div class=\"elementor-element elementor-element-73d6cfb e-flex e-con-boxed e-con e-parent\" data-id=\"73d6cfb\" data-element_type=\"container\">\n\t\t\t\t\t<div class=\"e-con-inner\">\n\t\t\t\t<div class=\"elementor-element elementor-element-bd295de elementor-widget elementor-widget-text-editor\" data-id=\"bd295de\" data-element_type=\"widget\" data-widget_type=\"text-editor.default\">\n\t\t\t\t<div class=\"elementor-widget-container\">\n\t\t\t\t\t\t\t\t\t<h3 style=\"text-align: center;\"><strong><span style=\"color: #339966;\">Dynarelax Green cream CBD est une cr\u00e8me de massage unique<br \/><\/span><\/strong><strong><span style=\"color: #339966;\">et innovante qui associe cannabidiol et huiles v\u00e9g\u00e9tales<br \/>pour apporter soulagement et bien-\u00eatre gr\u00e2ce \u00e0 son effet<br \/>l\u00e9g\u00e8rement chauffant et r\u00e9confortant.<\/span><\/strong><\/h3><h3 style=\"text-align: center;\"><strong><span style=\"color: #339966;\">Il peut \u00eatre utilis\u00e9 pour les douleurs musculaires en g\u00e9n\u00e9ral<br \/>Le cannabidiol, \u00e9galement connu sous le nom CBD.<\/span><\/strong><br \/><strong><span style=\"color: #339966;\">C\u2019est un compos\u00e9 naturel, non psychoactif ou psychotrope avec<br \/>un grand potentiel th\u00e9rapeutique et de multiples propri\u00e9t\u00e9s<br \/>b\u00e9n\u00e9fiques pour la sant\u00e9.<br \/>Sport, douleurs musculaires et relaxation<\/span><\/strong><\/h3><h3 style=\"text-align: center;\"><strong><span style=\"color: #339966;\">Composition: DYNARELAX GREEN CREAM.<br \/>CBD est enrichi d\u2019ingr\u00e9dients d\u2019origine naturelle et biologiques<br \/>aux propri\u00e9t\u00e9s antioxydantes et hydratantes<br \/>pour une routine de soins de la peau.<\/span><\/strong><br \/><strong><span style=\"color: #339966;\">Le Cannabidiol en action avec l\u2019arnica, l\u2019harpagophytum<br \/>l\u2019huile de chanvre et la la capsa\u00efcine), p\u00e9n\u00e8tre et agit rapidement pour vous faire sentir mieux.<\/span><\/strong><br \/><strong><span style=\"color: #339966;\">Posologie: DYNARELAX GREEN CREAM CBD peut \u00eatre appliqu\u00e9 quotidiennement. Id\u00e9alement, quelques couches de cr\u00e8me doivent \u00eatre appliqu\u00e9es deux ou trois fois par jour et combin\u00e9es avec un massage.<\/span><\/strong><\/h3>\t\t\t\t\t\t\t\t<\/div>\n\t\t\t\t<\/div>\n\t\t\t\t<div class=\"elementor-element elementor-element-250efea elementor-button-info elementor-align-center elementor-widget elementor-widget-button\" data-id=\"250efea\" data-element_type=\"widget\" data-widget_type=\"button.default\">\n\t\t\t\t<div class=\"elementor-widget-container\">\n\t\t\t\t\t\t\t\t\t<div class=\"elementor-button-wrapper\">\n\t\t\t\t\t<a class=\"elementor-button elementor-button-link elementor-size-sm\" href=\"https:\/\/dynamedix.lu\/elementor-495\/\">\n\t\t\t\t\t\t<span class=\"elementor-button-content-wrapper\">\n\t\t\t\t\t\t\t\t\t<span class=\"elementor-button-text\">Vers la Boutique<\/span>\n\t\t\t\t\t<\/span>\n\t\t\t\t\t<\/a>\n\t\t\t\t<\/div>\n\t\t\t\t\t\t\t\t<\/div>\n\t\t\t\t<\/div>\n\t\t\t\t\t<\/div>\n\t\t\t\t<\/div>\n\t\t\t\t<\/div>\n\t\t","protected":false},"excerpt":{"rendered":"<p>Dynarelax Green cream CBD est une cr\u00e8me de massage uniqueet innovante qui associe cannabidiol et huiles v\u00e9g\u00e9talespour apporter soulagement et bien-\u00eatre gr\u00e2ce \u00e0 son effetl\u00e9g\u00e8rement chauffant et r\u00e9confortant. Il peut \u00eatre utilis\u00e9 pour les douleurs musculaires en g\u00e9n\u00e9ralLe cannabidiol, \u00e9galement connu sous le nom CBD.C\u2019est un compos\u00e9 naturel, non psychoactif ou psychotrope avecun grand potentiel [&hellip;]<\/p>\n","protected":false},"author":1,"featured_media":0,"parent":0,"menu_order":0,"comment_status":"closed","ping_status":"closed","template":"","meta":{"_themeisle_gutenberg_block_has_review":false,"footnotes":""},"class_list":["post-243","page","type-page","status-publish","hentry"],"jetpack_sharing_enabled":true,"_links":{"self":[{"href":"https:\/\/dynarelax.lu\/index.php?rest_route=\/wp\/v2\/pages\/243","targetHints":{"allow":["GET"]}}],"collection":[{"href":"https:\/\/dynarelax.lu\/index.php?rest_route=\/wp\/v2\/pages"}],"about":[{"href":"https:\/\/dynarelax.lu\/index.php?rest_route=\/wp\/v2\/types\/page"}],"author":[{"embeddable":true,"href":"https:\/\/dynarelax.lu\/index.php?rest_route=\/wp\/v2\/users\/1"}],"replies":[{"embeddable":true,"href":"https:\/\/dynarelax.lu\/index.php?rest_route=%2Fwp%2Fv2%2Fcomments&post=243"}],"version-history":[{"count":7,"href":"https:\/\/dynarelax.lu\/index.php?rest_route=\/wp\/v2\/pages\/243\/revisions"}],"predecessor-version":[{"id":251,"href":"https:\/\/dynarelax.lu\/index.php?rest_route=\/wp\/v2\/pages\/243\/revisions\/251"}],"wp:attachment":[{"href":"https:\/\/dynarelax.lu\/index.php?rest_route=%2Fwp%2Fv2%2Fmedia&parent=243"}],"curies":[{"name":"wp","href":"https:\/\/api.w.org\/{rel}","templated":true}]}}