{"id":55,"date":"2024-10-03T18:26:52","date_gmt":"2024-10-03T16:26:52","guid":{"rendered":"https:\/\/dynareo.cluster027.hosting.ovh.net\/?page_id=55"},"modified":"2024-10-10T20:50:25","modified_gmt":"2024-10-10T18:50:25","slug":"devenir-revendeur","status":"publish","type":"page","link":"https:\/\/dynarelax.lu\/?page_id=55","title":{"rendered":"Devenir Revendeur"},"content":{"rendered":"\t\t<div data-elementor-type=\"wp-page\" data-elementor-id=\"55\" class=\"elementor elementor-55\">\n\t\t\t\t<div class=\"elementor-element elementor-element-83b403a e-flex e-con-boxed e-con e-parent\" data-id=\"83b403a\" data-element_type=\"container\">\n\t\t\t\t\t<div class=\"e-con-inner\">\n\t\t\t\t<div class=\"elementor-element elementor-element-bae8ddc elementor-widget elementor-widget-text-editor\" data-id=\"bae8ddc\" data-element_type=\"widget\" data-widget_type=\"text-editor.default\">\n\t\t\t\t<div class=\"elementor-widget-container\">\n\t\t\t\t\t\t\t\t\t<h4 style=\"text-align: center;\"><span style=\"color: #ff0000;\"><strong>Devenir distributeur ?<\/strong><\/span><br><span style=\"color: #ff0000;\"><strong>Envoyez nous vos coordonn\u00e9es d&#8217; entreprises et votre activit\u00e9 locale.<\/strong><\/span><br><span style=\"color: #ff0000;\"><strong>Nom de l&#8217;entreprise et site web<\/strong><\/span><br><span style=\"color: #ff0000;\"><strong>Nom et pr\u00e9nom du responsable<\/strong><\/span><br><span style=\"color: #ff0000;\"><strong>Adresse postale<\/strong><\/span><br><span style=\"color: #ff0000;\"><strong>Num\u00e9ro de registre nationale<\/strong><\/span><br><span style=\"color: #ff0000;\"><strong>Numero de tva<\/strong><\/span><br><span style=\"color: #ff0000;\"><strong>Ensuite nous vous enverrons nos conditions de vente et de distribution.(*)<\/strong><\/span><br><span style=\"color: #ff0000;\"><strong>*Possibilit\u00e9 d&#8217;exclusivit\u00e9<\/strong><\/span><\/h4>\t\t\t\t\t\t\t\t<\/div>\n\t\t\t\t<\/div>\n\t\t\t\t\t<\/div>\n\t\t\t\t<\/div>\n\t\t<div class=\"elementor-element elementor-element-f900bd4 e-flex e-con-boxed e-con e-parent\" data-id=\"f900bd4\" data-element_type=\"container\">\n\t\t\t\t\t<div class=\"e-con-inner\">\n\t\t\t\t<div class=\"elementor-element elementor-element-fd2b140 elementor-widget elementor-widget-shortcode\" data-id=\"fd2b140\" data-element_type=\"widget\" data-widget_type=\"shortcode.default\">\n\t\t\t\t<div class=\"elementor-widget-container\">\n\t\t\t\t\t\t\t<div class=\"elementor-shortcode\">\n<div class=\"um um-register um-54\">\n\t<div class=\"um-form\" data-mode=\"register\">\n\t\t<form method=\"post\" action=\"\">\n\t\t\t<div class=\"um-row _um_row_1 \" style=\"margin: 0 0 30px 0;\"><div class=\"um-col-1\"><div  id=\"um_field_54_first_name\" class=\"um-field um-field-text  um-field-first_name um-field-text um-field-type_text\" data-key=\"first_name\"><div class=\"um-field-label\"><label for=\"first_name-54\">First Name<span class=\"um-req\" title=\"Required\">*<\/span><\/label><div class=\"um-clear\"><\/div><\/div><div class=\"um-field-area\"><input  autocomplete=\"off\" class=\"um-form-field valid \" type=\"text\" name=\"first_name-54\" id=\"first_name-54\" value=\"\" placeholder=\"\" data-validate=\"\" data-key=\"first_name\"  aria-invalid=\"false\" \/>\n\n\t\t\t\t\t\t<\/div><\/div><div  id=\"um_field_54_last_name\" class=\"um-field um-field-text  um-field-last_name um-field-text um-field-type_text\" data-key=\"last_name\"><div class=\"um-field-label\"><label for=\"last_name-54\">Last Name<span class=\"um-req\" title=\"Required\">*<\/span><\/label><div class=\"um-clear\"><\/div><\/div><div class=\"um-field-area\"><input  autocomplete=\"off\" class=\"um-form-field valid \" type=\"text\" name=\"last_name-54\" id=\"last_name-54\" value=\"\" placeholder=\"\" data-validate=\"\" data-key=\"last_name\"  aria-invalid=\"false\" \/>\n\n\t\t\t\t\t\t<\/div><\/div><div  id=\"um_field_54_Societe\" class=\"um-field um-field-text  um-field-Societe um-field-text um-field-type_text\" data-key=\"Societe\"><div class=\"um-field-label\"><label for=\"Societe-54\">Soci\u00e9t\u00e9<\/label><div class=\"um-clear\"><\/div><\/div><div class=\"um-field-area\"><input  autocomplete=\"off\" class=\"um-form-field valid not-required \" type=\"text\" name=\"Societe-54\" id=\"Societe-54\" value=\"\" placeholder=\"\" data-validate=\"\" data-key=\"Societe\"  aria-invalid=\"false\" \/>\n\n\t\t\t\t\t\t<\/div><\/div><div  id=\"um_field_54_Adresse\" class=\"um-field um-field-text  um-field-Adresse um-field-text um-field-type_text\" data-key=\"Adresse\"><div class=\"um-field-label\"><label for=\"Adresse-54\">Adresse<\/label><div class=\"um-clear\"><\/div><\/div><div class=\"um-field-area\"><input  autocomplete=\"off\" class=\"um-form-field valid not-required \" type=\"text\" name=\"Adresse-54\" id=\"Adresse-54\" value=\"\" placeholder=\"\" data-validate=\"\" data-key=\"Adresse\"  aria-invalid=\"false\" \/>\n\n\t\t\t\t\t\t<\/div><\/div><div  id=\"um_field_54_Code_postal\" class=\"um-field um-field-number  um-field-Code_postal um-field-number um-field-type_number\" data-key=\"Code_postal\"><div class=\"um-field-label\"><label for=\"Code_postal-54\">Code postal<\/label><div class=\"um-clear\"><\/div><\/div><div class=\"um-field-area\"><input  class=\"um-form-field valid not-required \" type=\"number\" name=\"Code_postal-54\" id=\"Code_postal-54\" value=\"\" placeholder=\"\" data-validate=\"\" data-key=\"Code_postal\"   aria-invalid=\"false\" \/>\n\n\t\t\t\t\t\t<\/div><\/div><div  id=\"um_field_54_Localite\" class=\"um-field um-field-text  um-field-Localite um-field-text um-field-type_text\" data-key=\"Localite\"><div class=\"um-field-label\"><label for=\"Localite-54\">Localit\u00e9<\/label><div class=\"um-clear\"><\/div><\/div><div class=\"um-field-area\"><input  autocomplete=\"off\" class=\"um-form-field valid not-required \" type=\"text\" name=\"Localite-54\" id=\"Localite-54\" value=\"\" placeholder=\"\" data-validate=\"\" data-key=\"Localite\"  aria-invalid=\"false\" \/>\n\n\t\t\t\t\t\t<\/div><\/div><div  id=\"um_field_54_Pays\" class=\"um-field um-field-text  um-field-Pays um-field-text um-field-type_text\" data-key=\"Pays\"><div class=\"um-field-label\"><label for=\"Pays-54\">Pays<\/label><div class=\"um-clear\"><\/div><\/div><div class=\"um-field-area\"><input  autocomplete=\"off\" class=\"um-form-field valid not-required \" type=\"text\" name=\"Pays-54\" id=\"Pays-54\" value=\"\" placeholder=\"\" data-validate=\"\" data-key=\"Pays\"  aria-invalid=\"false\" \/>\n\n\t\t\t\t\t\t<\/div><\/div><div  id=\"um_field_54_Telephone\" class=\"um-field um-field-tel  um-field-Telephone um-field-tel um-field-type_tel\" data-key=\"Telephone\"><div class=\"um-field-label\"><label for=\"Telephone-54\">T\u00e9l\u00e9phone<\/label><div class=\"um-clear\"><\/div><\/div><div class=\"um-field-area\"><input  autocomplete=\"off\" class=\"um-form-field valid not-required \" type=\"tel\" name=\"Telephone-54\" id=\"Telephone-54\" value=\"\" placeholder=\"\" data-validate=\"\" data-key=\"Telephone\"  aria-invalid=\"false\" \/>\n\n\t\t\t\t\t\t<\/div><\/div><div  id=\"um_field_54_user_email\" class=\"um-field um-field-text  um-field-user_email um-field-text um-field-type_text\" data-key=\"user_email\"><div class=\"um-field-label\"><label for=\"user_email-54\">Adresse email<span class=\"um-req\" title=\"Required\">*<\/span><\/label><div class=\"um-clear\"><\/div><\/div><div class=\"um-field-area\"><input  autocomplete=\"off\" class=\"um-form-field valid \" type=\"text\" name=\"user_email-54\" id=\"user_email-54\" value=\"\" placeholder=\"\" data-validate=\"unique_email\" data-key=\"user_email\"  aria-invalid=\"false\" \/>\n\n\t\t\t\t\t\t<\/div><\/div><div  id=\"um_field_54_Registre\" class=\"um-field um-field-number  um-field-Registre um-field-number um-field-type_number\" data-key=\"Registre\"><div class=\"um-field-label\"><label for=\"Registre-54\">Num\u00e9ro de registre nationale<span class=\"um-req\" title=\"Required\">*<\/span><\/label><div class=\"um-clear\"><\/div><\/div><div class=\"um-field-area\"><input  class=\"um-form-field valid \" type=\"number\" name=\"Registre-54\" id=\"Registre-54\" value=\"\" placeholder=\"\" data-validate=\"\" data-key=\"Registre\"   aria-invalid=\"false\" \/>\n\n\t\t\t\t\t\t<\/div><\/div><div  id=\"um_field_54_tva\" class=\"um-field um-field-number  um-field-tva um-field-number um-field-type_number\" data-key=\"tva\"><div class=\"um-field-label\"><label for=\"tva-54\">Num\u00e9ro de T.V.A.<span class=\"um-req\" title=\"Required\">*<\/span><\/label><div class=\"um-clear\"><\/div><\/div><div class=\"um-field-area\"><input  class=\"um-form-field valid \" type=\"number\" name=\"tva-54\" id=\"tva-54\" value=\"\" placeholder=\"\" data-validate=\"\" data-key=\"tva\"   aria-invalid=\"false\" \/>\n\n\t\t\t\t\t\t<\/div><\/div><div  id=\"um_field_54_Message\" class=\"um-field um-field-textarea  um-field-Message um-field-textarea um-field-type_textarea\" data-key=\"Message\"><div class=\"um-field-label\"><label for=\"Message-54\">Messages<\/label><div class=\"um-clear\"><\/div><\/div><div class=\"um-field-area\"><textarea    style=\"height: 100px;\" class=\"um-form-field valid not-required \" name=\"Message\" id=\"Message\" placeholder=\"\"  aria-invalid=\"false\" ><\/textarea><\/div><\/div><\/div><\/div>\t<input type=\"hidden\" name=\"form_id\" id=\"form_id_54\" value=\"54\" \/>\n\t\t<p class=\"um_request_name\">\n\t\t<label for=\"um_request_54\">Only fill in if you are not human<\/label>\n\t\t<input type=\"hidden\" name=\"um_request\" id=\"um_request_54\" class=\"input\" value=\"\" size=\"25\" autocomplete=\"off\" \/>\n\t<\/p>\n\t<input type=\"hidden\" id=\"_wpnonce\" name=\"_wpnonce\" value=\"dd430dc391\" \/><input type=\"hidden\" name=\"_wp_http_referer\" value=\"\/index.php?rest_route=%2Fwp%2Fv2%2Fpages%2F55\" \/>\n<div class=\"um-field\">\n\t<div class=\"g-recaptcha\" id=\"um-54\" data-type=\"image\" data-size=\"normal\" data-theme=\"light\" data-sitekey=\"6LemEhErAAAAAHxZLY-26dFyvrhjVG7qUFTQgNTD\"><\/div>\n<\/div>\n\n\n<script type=\"text\/javascript\">\n\t\n\t\tvar onloadCallback = function () {\n\t\t\tjQuery('.g-recaptcha').each( function (i) {\n\t\t\t\tgrecaptcha.render( jQuery(this).attr('id'), {\n\t\t\t\t\t'sitekey': jQuery(this).attr('data-sitekey'),\n\t\t\t\t\t'theme': jQuery(this).attr('data-theme')\n\t\t\t\t});\n\t\t\t});\n\t\t};\n\n\t\tfunction um_recaptcha_refresh() {\n\t\t\tjQuery('.g-recaptcha').html('');\n\t\t\tgrecaptcha.reset();\n\t\t\tonloadCallback();\n\t\t}\n\n\t<\/script>\n\n\t<div class=\"um-col-alt\">\n\n\t\t\n\t\t\t<div class=\"um-center\">\n\t\t\t\t<input type=\"submit\" value=\"Register\" class=\"um-button\" id=\"um-submit-btn\" \/>\n\t\t\t<\/div>\n\n\t\t\n\t\t<div class=\"um-clear\"><\/div>\n\n\t<\/div>\n\n\t\t\t<\/form>\n\t<\/div>\n<\/div>\n<style>\n\t\t\t.um-54.um {\n\t\t\tmax-width: 450px;\n\t\t}\n\t\t<\/style>\n<\/div>\n\t\t\t\t\t\t<\/div>\n\t\t\t\t<\/div>\n\t\t\t\t\t<\/div>\n\t\t\t\t<\/div>\n\t\t\t\t<\/div>\n\t\t","protected":false},"excerpt":{"rendered":"<p>Devenir distributeur ?Envoyez nous vos coordonn\u00e9es d&#8217; entreprises et votre activit\u00e9 locale.Nom de l&#8217;entreprise et site webNom et pr\u00e9nom du responsableAdresse postaleNum\u00e9ro de registre nationaleNumero de tvaEnsuite nous vous enverrons nos conditions de vente et de distribution.(*)*Possibilit\u00e9 d&#8217;exclusivit\u00e9<\/p>\n","protected":false},"author":1,"featured_media":0,"parent":0,"menu_order":0,"comment_status":"closed","ping_status":"closed","template":"","meta":{"_themeisle_gutenberg_block_has_review":false,"footnotes":""},"class_list":["post-55","page","type-page","status-publish","hentry"],"jetpack_sharing_enabled":true,"_links":{"self":[{"href":"https:\/\/dynarelax.lu\/index.php?rest_route=\/wp\/v2\/pages\/55","targetHints":{"allow":["GET"]}}],"collection":[{"href":"https:\/\/dynarelax.lu\/index.php?rest_route=\/wp\/v2\/pages"}],"about":[{"href":"https:\/\/dynarelax.lu\/index.php?rest_route=\/wp\/v2\/types\/page"}],"author":[{"embeddable":true,"href":"https:\/\/dynarelax.lu\/index.php?rest_route=\/wp\/v2\/users\/1"}],"replies":[{"embeddable":true,"href":"https:\/\/dynarelax.lu\/index.php?rest_route=%2Fwp%2Fv2%2Fcomments&post=55"}],"version-history":[{"count":10,"href":"https:\/\/dynarelax.lu\/index.php?rest_route=\/wp\/v2\/pages\/55\/revisions"}],"predecessor-version":[{"id":209,"href":"https:\/\/dynarelax.lu\/index.php?rest_route=\/wp\/v2\/pages\/55\/revisions\/209"}],"wp:attachment":[{"href":"https:\/\/dynarelax.lu\/index.php?rest_route=%2Fwp%2Fv2%2Fmedia&parent=55"}],"curies":[{"name":"wp","href":"https:\/\/api.w.org\/{rel}","templated":true}]}}