{"id":63,"date":"2024-10-03T18:36:04","date_gmt":"2024-10-03T16:36:04","guid":{"rendered":"https:\/\/dynareo.cluster027.hosting.ovh.net\/?page_id=63"},"modified":"2024-10-07T19:18:06","modified_gmt":"2024-10-07T17:18:06","slug":"notre-philosophie","status":"publish","type":"page","link":"https:\/\/dynarelax.lu\/?page_id=63","title":{"rendered":"Notre philosophie"},"content":{"rendered":"\t\t<div data-elementor-type=\"wp-page\" data-elementor-id=\"63\" class=\"elementor elementor-63\">\n\t\t\t\t<div class=\"elementor-element elementor-element-5f70cf6 e-flex e-con-boxed e-con e-parent\" data-id=\"5f70cf6\" data-element_type=\"container\">\n\t\t\t\t\t<div class=\"e-con-inner\">\n\t\t\t\t<div class=\"elementor-element elementor-element-57571c7 elementor-widget elementor-widget-image\" data-id=\"57571c7\" data-element_type=\"widget\" data-widget_type=\"image.default\">\n\t\t\t\t<div class=\"elementor-widget-container\">\n\t\t\t\t\t\t\t\t\t\t\t\t\t\t\t<img fetchpriority=\"high\" decoding=\"async\" width=\"714\" height=\"303\" src=\"https:\/\/dynarelax.lu\/wp-content\/uploads\/2024\/10\/test.png\" class=\"attachment-large size-large wp-image-66\" alt=\"\" srcset=\"https:\/\/dynarelax.lu\/wp-content\/uploads\/2024\/10\/test.png 714w, https:\/\/dynarelax.lu\/wp-content\/uploads\/2024\/10\/test-300x127.png 300w\" sizes=\"(max-width: 714px) 100vw, 714px\" \/>\t\t\t\t\t\t\t\t\t\t\t\t\t\t\t<\/div>\n\t\t\t\t<\/div>\n\t\t\t\t\t<\/div>\n\t\t\t\t<\/div>\n\t\t<div class=\"elementor-element elementor-element-945ec8c e-flex e-con-boxed e-con e-parent\" data-id=\"945ec8c\" data-element_type=\"container\">\n\t\t\t\t\t<div class=\"e-con-inner\">\n\t\t\t\t<div class=\"elementor-element elementor-element-0bb8758 elementor-widget elementor-widget-text-editor\" data-id=\"0bb8758\" data-element_type=\"widget\" data-widget_type=\"text-editor.default\">\n\t\t\t\t<div class=\"elementor-widget-container\">\n\t\t\t\t\t\t\t\t\t<p style=\"text-align: center;\"><span style=\"color: #000000;\">UN R\u00c9CIT MARQU\u00c9 PAR LA QU\u00caTE DU SAVOIR<\/span><br \/><span style=\"color: #000000;\">Notre parcours est marqu\u00e9 par un engagement in\u00e9branlable et des sacrifices, guid\u00e9s par une qu\u00eate incessante de l&#8217;excellence. \u00c0 l&#8217;origine,<\/span><br \/><span style=\"color: #000000;\">Dynarelax a \u00e9t\u00e9 con\u00e7u avec la vision claire de devenir un produit exceptionnel, complet et sans faille. Des ann\u00e9es d&#8217;efforts ont \u00e9t\u00e9<\/span><br \/><span style=\"color: #000000;\">investies pour formuler la cr\u00e8me exceptionnelle que nous pr\u00e9sentons aujourd&#8217;hui.<\/span><br \/><span style=\"color: #000000;\">Nous vous invitons \u00e0 d\u00e9couvrir la gen\u00e8se de cette r\u00e9alisation.<\/span><br \/><span style=\"color: #000000;\">Tout r\u00e9cit commence par un point de d\u00e9part, notre exploration a d\u00e9but\u00e9 dans le but de rep\u00e9rer les ingr\u00e9dients naturels les plus remarquables, essentiels \u00e0 la cr\u00e9ation d&#8217;une cr\u00e8me de qualit\u00e9 sup\u00e9rieure.<\/span><br \/><span style=\"color: #000000;\">Nos recherches nous ont men\u00e9s \u00e0 \u00e9laborer notre produit \u00e0 base de plantes biologiques s\u00e9lectionn\u00e9es dans les plus pures r\u00e9gions d\u2019Europe.<\/span><\/p><p style=\"text-align: center;\"><span style=\"color: #000000;\">CULTURE ANCR\u00c9E DANS LE LOCAL ET LE DURABLE<\/span><br \/><span style=\"color: #000000;\">Le concept de proximit\u00e9 a su captiver notre attention: les cultures et la r\u00e9colte des produits, enti\u00e8rement respectueux de l&#8217;environnement.<\/span><br \/><span style=\"color: #000000;\">Pour nous, l&#8217;essentiel est de demeurer fid\u00e8les aux principes fondateurs qui ont donn\u00e9 naissance \u00e0 notre entreprise, en pr\u00e9servant la qualit\u00e9 de nos mati\u00e8res premi\u00e8res malgr\u00e9 les tendances \u00e9ph\u00e9m\u00e8res.<\/span><br \/><span style=\"color: #000000;\">Nous sommes convaincus que c&#8217;est l\u00e0 le secret de notre r\u00e9ussite.<\/span><\/p><p style=\"text-align: center;\"><span style=\"color: #000000;\">NOTRE ESSENCE<\/span><br \/><span style=\"color: #000000;\">Notre d\u00e9finition d&#8217;un m\u00e9lange d&#8217;ingr\u00e9dients id\u00e9al englobe l&#8217;arnica,\u00a0<\/span><span style=\"color: #000000;\">la griffe du diable (Harpagophytum), le millepertuis et le calendula.<\/span><br \/><span style=\"color: #000000;\">Ces composants ont des propri\u00e9t\u00e9s anti-inflammatoires qui ont \u00e9t\u00e9 scientifiquement valid\u00e9es.<\/span><\/p><p style=\"text-align: center;\"><span style=\"color: #000000;\">ARNICA<\/span><br \/><span style=\"color: #000000;\">Arnica Montana*: Reconnue pour ses propri\u00e9t\u00e9s anti-inflamma-toires,\u00a0<\/span><span style=\"color: #000000;\">elle contribue \u00e0 apaiser les douleurs gr\u00e2ce \u00e0 ses effets antalgiques.<\/span><\/p><p style=\"text-align: center;\"><span style=\"color: #000000;\">GRIFFE DU DIABLE<\/span><br \/><span style=\"color: #000000;\">Harpagophytum Procumbens*: R\u00e9put\u00e9e pour ses vertus anti-inflammatoires, c&#8217;est l&#8217;un des rem\u00e8des couramment\u00a0<\/span><span style=\"color: #000000;\">utilis\u00e9s en m\u00e9decine naturelle. Elle soulage les douleurs musculaires et articulaires.<\/span><\/p><p style=\"text-align: center;\"><span style=\"color: #000000;\">CALENDULA<\/span><br \/><span style=\"color: #000000;\">Calendula Officinalis*: Adapt\u00e9e au traitement local des l\u00e9sions musculaires et articulaires,\u00a0<\/span><span style=\"color: #000000;\">elle est appr\u00e9ci\u00e9e pour ses propri\u00e9t\u00e9s apaisantes.<\/span><\/p><p style=\"text-align: center;\"><span style=\"color: #000000;\">MILLEPERTUIS<\/span><br \/><span style=\"color: #000000;\">Hypericum perforatum* : Recommand\u00e9e pour soulager les myalgies, dermatites, l\u00e9sions cutan\u00e9es ou br\u00fblures.<\/span><\/p>\t\t\t\t\t\t\t\t<\/div>\n\t\t\t\t<\/div>\n\t\t\t\t\t<\/div>\n\t\t\t\t<\/div>\n\t\t<div class=\"elementor-element elementor-element-75a3cbb e-flex e-con-boxed e-con e-parent\" data-id=\"75a3cbb\" data-element_type=\"container\">\n\t\t\t\t\t<div class=\"e-con-inner\">\n\t\t\t\t<div class=\"elementor-element elementor-element-2b5a1ea elementor-widget elementor-widget-image\" data-id=\"2b5a1ea\" data-element_type=\"widget\" data-widget_type=\"image.default\">\n\t\t\t\t<div class=\"elementor-widget-container\">\n\t\t\t\t\t\t\t\t\t\t\t\t\t\t\t<img decoding=\"async\" width=\"893\" height=\"265\" src=\"https:\/\/dynarelax.lu\/wp-content\/uploads\/2024\/10\/picto.png\" class=\"attachment-large size-large wp-image-65\" alt=\"\" srcset=\"https:\/\/dynarelax.lu\/wp-content\/uploads\/2024\/10\/picto.png 893w, https:\/\/dynarelax.lu\/wp-content\/uploads\/2024\/10\/picto-300x89.png 300w, https:\/\/dynarelax.lu\/wp-content\/uploads\/2024\/10\/picto-768x228.png 768w\" sizes=\"(max-width: 893px) 100vw, 893px\" \/>\t\t\t\t\t\t\t\t\t\t\t\t\t\t\t<\/div>\n\t\t\t\t<\/div>\n\t\t\t\t\t<\/div>\n\t\t\t\t<\/div>\n\t\t\t\t<\/div>\n\t\t","protected":false},"excerpt":{"rendered":"<p>UN R\u00c9CIT MARQU\u00c9 PAR LA QU\u00caTE DU SAVOIRNotre parcours est marqu\u00e9 par un engagement in\u00e9branlable et des sacrifices, guid\u00e9s par une qu\u00eate incessante de l&#8217;excellence. \u00c0 l&#8217;origine,Dynarelax a \u00e9t\u00e9 con\u00e7u avec la vision claire de devenir un produit exceptionnel, complet et sans faille. Des ann\u00e9es d&#8217;efforts ont \u00e9t\u00e9investies pour formuler la cr\u00e8me exceptionnelle que nous [&hellip;]<\/p>\n","protected":false},"author":1,"featured_media":0,"parent":0,"menu_order":0,"comment_status":"closed","ping_status":"closed","template":"","meta":{"_themeisle_gutenberg_block_has_review":false,"footnotes":""},"class_list":["post-63","page","type-page","status-publish","hentry"],"jetpack_sharing_enabled":true,"_links":{"self":[{"href":"https:\/\/dynarelax.lu\/index.php?rest_route=\/wp\/v2\/pages\/63","targetHints":{"allow":["GET"]}}],"collection":[{"href":"https:\/\/dynarelax.lu\/index.php?rest_route=\/wp\/v2\/pages"}],"about":[{"href":"https:\/\/dynarelax.lu\/index.php?rest_route=\/wp\/v2\/types\/page"}],"author":[{"embeddable":true,"href":"https:\/\/dynarelax.lu\/index.php?rest_route=\/wp\/v2\/users\/1"}],"replies":[{"embeddable":true,"href":"https:\/\/dynarelax.lu\/index.php?rest_route=%2Fwp%2Fv2%2Fcomments&post=63"}],"version-history":[{"count":10,"href":"https:\/\/dynarelax.lu\/index.php?rest_route=\/wp\/v2\/pages\/63\/revisions"}],"predecessor-version":[{"id":171,"href":"https:\/\/dynarelax.lu\/index.php?rest_route=\/wp\/v2\/pages\/63\/revisions\/171"}],"wp:attachment":[{"href":"https:\/\/dynarelax.lu\/index.php?rest_route=%2Fwp%2Fv2%2Fmedia&parent=63"}],"curies":[{"name":"wp","href":"https:\/\/api.w.org\/{rel}","templated":true}]}}